{"id":24,"date":"2017-05-30T09:00:42","date_gmt":"2017-05-30T09:00:42","guid":{"rendered":"http:\/\/crestaproject.com\/demo\/croccante\/?page_id=24"},"modified":"2024-02-26T18:42:03","modified_gmt":"2024-02-26T18:42:03","slug":"features-2","status":"publish","type":"page","link":"https:\/\/fireabend-burgstaedt.de\/?page_id=24","title":{"rendered":"Abwechslung"},"content":{"rendered":"<p>Wir tr\u00e4umen:<\/p>\n<ul>\n<li>dass der FireAbend ein Ausrufezeichen wird<\/li>\n<li>dass er eine Abwechslung zu den pers\u00f6nlichen Herausforderungen im Alltag wird<\/li>\n<li>dass du die Auszeit am Feuer genie\u00dft!<\/li>\n<li>dass du dich von besonderen Themenabenden inspirieren l\u00e4sst und sie mit in den Alltag nehmen kannst!<\/li>\n<\/ul>\n","protected":false},"excerpt":{"rendered":"<p>Wir tr\u00e4umen: dass der FireAbend ein Ausrufezeichen wird dass er eine Abwechslung zu den pers\u00f6nlichen Herausforderungen im Alltag wird dass du die Auszeit am Feuer genie\u00dft! dass du dich von besonderen Themenabenden inspirieren l\u00e4sst und sie mit in den Alltag nehmen kannst!<\/p>\n","protected":false},"author":2,"featured_media":0,"parent":0,"menu_order":0,"comment_status":"closed","ping_status":"closed","template":"","meta":{"footnotes":""},"class_list":["post-24","page","type-page","status-publish","hentry"],"_links":{"self":[{"href":"https:\/\/fireabend-burgstaedt.de\/index.php?rest_route=\/wp\/v2\/pages\/24","targetHints":{"allow":["GET"]}}],"collection":[{"href":"https:\/\/fireabend-burgstaedt.de\/index.php?rest_route=\/wp\/v2\/pages"}],"about":[{"href":"https:\/\/fireabend-burgstaedt.de\/index.php?rest_route=\/wp\/v2\/types\/page"}],"author":[{"embeddable":true,"href":"https:\/\/fireabend-burgstaedt.de\/index.php?rest_route=\/wp\/v2\/users\/2"}],"replies":[{"embeddable":true,"href":"https:\/\/fireabend-burgstaedt.de\/index.php?rest_route=%2Fwp%2Fv2%2Fcomments&post=24"}],"version-history":[{"count":3,"href":"https:\/\/fireabend-burgstaedt.de\/index.php?rest_route=\/wp\/v2\/pages\/24\/revisions"}],"predecessor-version":[{"id":213,"href":"https:\/\/fireabend-burgstaedt.de\/index.php?rest_route=\/wp\/v2\/pages\/24\/revisions\/213"}],"wp:attachment":[{"href":"https:\/\/fireabend-burgstaedt.de\/index.php?rest_route=%2Fwp%2Fv2%2Fmedia&parent=24"}],"curies":[{"name":"wp","href":"https:\/\/api.w.org\/{rel}","templated":true}]}}